{"id":4250,"date":"2024-07-08T08:45:31","date_gmt":"2024-07-08T08:45:31","guid":{"rendered":"https:\/\/staging.parsis.ca\/societes-affiliees\/"},"modified":"2024-10-10T17:41:02","modified_gmt":"2024-10-10T17:41:02","slug":"societes-affiliees","status":"publish","type":"page","link":"https:\/\/staging.parsis.ca\/fr\/societes-affiliees\/","title":{"rendered":"Soci\u00e9t\u00e9s affili\u00e9es"},"content":{"rendered":"\t\t<div data-elementor-type=\"wp-page\" data-elementor-id=\"4250\" class=\"elementor elementor-4250 elementor-28\" data-elementor-post-type=\"page\">\n\t\t\t\t<section class=\"elementor-element elementor-element-635af329 e-con-full e-flex e-con e-parent\" data-id=\"635af329\" data-element_type=\"container\" data-settings=\"{&quot;background_background&quot;:&quot;classic&quot;}\">\n\t\t<div class=\"elementor-element elementor-element-6937de4d e-con-full d_padding_left e-flex e-con e-child\" data-id=\"6937de4d\" data-element_type=\"container\" data-settings=\"{&quot;background_background&quot;:&quot;classic&quot;}\">\n\t\t<div class=\"elementor-element elementor-element-4c6ae147 e-con-full e-flex e-con e-child\" data-id=\"4c6ae147\" data-element_type=\"container\">\n\t\t\t\t<div class=\"elementor-element elementor-element-36527c5b elementor-widget elementor-widget-theme-post-title elementor-page-title elementor-widget-heading\" data-id=\"36527c5b\" data-element_type=\"widget\" data-widget_type=\"theme-post-title.default\">\n\t\t\t\t<div class=\"elementor-widget-container\">\n\t\t\t<h1 class=\"elementor-heading-title elementor-size-default\">Soci\u00e9t\u00e9s affili\u00e9es<\/h1>\t\t<\/div>\n\t\t\t\t<\/div>\n\t\t\t\t<div class=\"elementor-element elementor-element-25c1955f elementor-widget elementor-widget-text-editor\" data-id=\"25c1955f\" data-element_type=\"widget\" data-widget_type=\"text-editor.default\">\n\t\t\t\t<div class=\"elementor-widget-container\">\n\t\t\t\t\t\t\t<p>Les services d&rsquo;immigration Parsis, en tant qu&rsquo;entreprise, ont une relation commerciale avec les soci\u00e9t\u00e9s \u00e9num\u00e9r\u00e9es ci-dessous, qui se limite \u00e0 la r\u00e9alisation d&rsquo;\u00e9valuations pr\u00e9liminaires d&rsquo;\u00e9ligibilit\u00e9 en utilisant les donn\u00e9es client existantes stock\u00e9es par les entreprises.<\/p>\n\t\t\t\t\t\t<\/div>\n\t\t\t\t<\/div>\n\t\t\t\t<\/div>\n\t\t<div class=\"elementor-element elementor-element-508ba78 e-con-full e-flex e-con e-child\" data-id=\"508ba78\" data-element_type=\"container\">\n\t\t\t\t<div class=\"elementor-element elementor-element-9489433 elementor-widget elementor-widget-image\" data-id=\"9489433\" data-element_type=\"widget\" data-widget_type=\"image.default\">\n\t\t\t\t<div class=\"elementor-widget-container\">\n\t\t\t\t\t\t\t\t\t\t\t\t\t<img fetchpriority=\"high\" decoding=\"async\" width=\"735\" height=\"862\" src=\"https:\/\/staging.parsis.ca\/wp-content\/uploads\/2024\/07\/Subtract.png\" class=\"attachment-large size-large wp-image-4004\" alt=\"\" srcset=\"https:\/\/staging.parsis.ca\/wp-content\/uploads\/2024\/07\/Subtract.png 735w, https:\/\/staging.parsis.ca\/wp-content\/uploads\/2024\/07\/Subtract-256x300.png 256w\" sizes=\"(max-width: 735px) 100vw, 735px\" \/>\t\t\t\t\t\t\t\t\t\t\t\t\t<\/div>\n\t\t\t\t<\/div>\n\t\t\t\t<\/div>\n\t\t\t\t<\/div>\n\t\t<div class=\"elementor-element elementor-element-34c6ccb4 e-con-full d_padding_right e-flex e-con e-child\" data-id=\"34c6ccb4\" data-element_type=\"container\">\n\t\t<div class=\"elementor-element elementor-element-78ea8ebe e-con-full e-flex e-con e-child\" data-id=\"78ea8ebe\" data-element_type=\"container\">\n\t\t\t\t<div class=\"elementor-element elementor-element-74ac90f8 specific_content elementor-widget__width-initial elementor-widget elementor-widget-text-editor\" data-id=\"74ac90f8\" data-element_type=\"widget\" data-widget_type=\"text-editor.default\">\n\t\t\t\t<div class=\"elementor-widget-container\">\n\t\t\t\t\t\t\t<ul>\n<li><a href=\"http:\/\/www.canadianvisaexpert.com\">www.canadianvisaexpert.com<\/a><\/li>\n<li><a href=\"http:\/\/www.becomeacanadian.org\">www.becomeacanadian.org<\/a><\/li>\n<li><a href=\"http:\/\/www.canadianvp.com\">www.canadianvp.com<\/a><\/li>\n<li><a href=\"http:\/\/www.inmigracioncanadiense.com\">www.inmigracioncanadiense.com<\/a><\/li>\n<li><a href=\"http:\/\/www.canadaimmigrationexpress.com\">www.canadaimmigrationexpress.com<\/a><\/li>\n<li><a href=\"http:\/\/www.canadianonlineimmigration.com\">www.canadianonlineimmigration.com<\/a><\/li>\n<li><a href=\"http:\/\/www.youcanrelocate.com\">www.youcanrelocate.com<\/a><\/li>\n<li><a href=\"http:\/\/www.canadianprvisa.com\">www.canadianprvisa.com<\/a><\/li>\n<li><a href=\"http:\/\/www.canadianvisaapp.com\">www.canadianvisaapp.com<\/a><\/li>\n<li><a href=\"http:\/\/www.prcanadiense.com\">www.prcanadiense.com<\/a><\/li>\n<li><a href=\"https:\/\/canadaexpress.org\">https:\/\/canadaexpress.org<\/a><\/li>\n<li><a href=\"https:\/\/canadian-relocation.com\">https:\/\/canadian-relocation.com<\/a><\/li>\n<li><a href=\"https:\/\/lecanadex.com\/\">https:\/\/lecanadex.com\/<\/a><\/li>\n<\/ul>\n\t\t\t\t\t\t<\/div>\n\t\t\t\t<\/div>\n\t\t\t\t<\/div>\n\t\t\t\t<\/div>\n\t\t\t\t<\/section>\n\t\t<section class=\"elementor-element elementor-element-56637d2b e-flex e-con-boxed e-con e-parent\" data-id=\"56637d2b\" data-element_type=\"container\" data-settings=\"{&quot;background_background&quot;:&quot;classic&quot;}\">\n\t\t\t\t\t<div class=\"e-con-inner\">\n\t\t\t\t<div class=\"elementor-element elementor-element-f8e98d3 elementor-widget elementor-widget-text-editor\" data-id=\"f8e98d3\" data-element_type=\"widget\" data-widget_type=\"text-editor.default\">\n\t\t\t\t<div class=\"elementor-widget-container\">\n\t\t\t\t\t\t\t<p>Veuillez noter que les services d&rsquo;immigration Parsis (Parsis International Inc) n&rsquo;utilisent pas les services d&rsquo;agents qui promeuvent ou commercialisent, en notre nom, des services d&rsquo;immigration canadiens r\u00e9glement\u00e9s que nous offrons directement aux consommateurs.<\/p>\n<p>Nous avons un agent enregistr\u00e9 en dossier aupr\u00e8s du Conseil de r\u00e9glementation des consultants en immigration du Canada (ICCRC) travaillant avec Ramin Khodaie, RCIC, RCQI.<\/p>\n<p>Les transactions entre les entreprises \u00e9num\u00e9r\u00e9es ci-dessous et leurs clients ne sont pas r\u00e9gies par le cadre r\u00e9glementaire canadien applicable \u00e0 la fourniture de services d&rsquo;immigration selon l&rsquo;article A91 de la Loi sur l&rsquo;immigration et la protection des r\u00e9fugi\u00e9s du Canada. Ces entreprises vendent \u00e9galement divers biens et services qui n&rsquo;ont aucun lien avec la relation commerciale avec les services d&rsquo;immigration Parsis Inc.<\/p>\n\t\t\t\t\t\t<\/div>\n\t\t\t\t<\/div>\n\t\t\t\t\t<\/div>\n\t\t\t\t<\/section>\n\t\t\t\t<\/div>\n\t\t","protected":false},"excerpt":{"rendered":"<p>Les services d&rsquo;immigration Parsis, en tant qu&rsquo;entreprise, ont une relation commerciale avec les soci\u00e9t\u00e9s \u00e9num\u00e9r\u00e9es ci-dessous, qui se limite \u00e0 la r\u00e9alisation d&rsquo;\u00e9valuations pr\u00e9liminaires d&rsquo;\u00e9ligibilit\u00e9 en utilisant les donn\u00e9es client existantes stock\u00e9es par les entreprises. www.canadianvisaexpert.com www.becomeacanadian.org www.canadianvp.com www.inmigracioncanadiense.com www.canadaimmigrationexpress.com www.canadianonlineimmigration.com www.youcanrelocate.com www.canadianprvisa.com www.canadianvisaapp.com www.prcanadiense.com https:\/\/canadaexpress.org https:\/\/canadian-relocation.com https:\/\/lecanadex.com\/ Veuillez noter que les services d&rsquo;immigration Parsis&#8230;<\/p>\n","protected":false},"author":1,"featured_media":0,"parent":0,"menu_order":56,"comment_status":"closed","ping_status":"closed","template":"","meta":{"_acf_changed":false,"footnotes":""},"acf":[],"yoast_head":"<!-- This site is optimized with the Yoast SEO plugin v23.3 - https:\/\/yoast.com\/wordpress\/plugins\/seo\/ -->\n<title>Soci\u00e9t\u00e9s affili\u00e9es | Parsis immigration services<\/title>\n<meta name=\"robots\" content=\"noindex, follow, max-snippet:-1, max-image-preview:large, max-video-preview:-1\" \/>\n<meta property=\"og:locale\" content=\"fr_FR\" \/>\n<meta property=\"og:type\" content=\"article\" \/>\n<meta property=\"og:title\" content=\"Soci\u00e9t\u00e9s affili\u00e9es | Parsis immigration services\" \/>\n<meta property=\"og:description\" content=\"Les services d&rsquo;immigration Parsis, en tant qu&rsquo;entreprise, ont une relation commerciale avec les soci\u00e9t\u00e9s \u00e9num\u00e9r\u00e9es ci-dessous, qui se limite \u00e0 la r\u00e9alisation d&rsquo;\u00e9valuations pr\u00e9liminaires d&rsquo;\u00e9ligibilit\u00e9 en utilisant les donn\u00e9es client existantes stock\u00e9es par les entreprises. www.canadianvisaexpert.com www.becomeacanadian.org www.canadianvp.com www.inmigracioncanadiense.com www.canadaimmigrationexpress.com www.canadianonlineimmigration.com www.youcanrelocate.com www.canadianprvisa.com www.canadianvisaapp.com www.prcanadiense.com https:\/\/canadaexpress.org https:\/\/canadian-relocation.com https:\/\/lecanadex.com\/ Veuillez noter que les services d&rsquo;immigration Parsis...\" \/>\n<meta property=\"og:url\" content=\"https:\/\/staging.parsis.ca\/fr\/societes-affiliees\/\" \/>\n<meta property=\"og:site_name\" content=\"Parsis immigration services\" \/>\n<meta property=\"article:modified_time\" content=\"2024-10-10T17:41:02+00:00\" \/>\n<meta property=\"og:image\" content=\"https:\/\/staging.parsis.ca\/wp-content\/uploads\/2024\/07\/Subtract.png\" \/>\n<meta name=\"twitter:card\" content=\"summary_large_image\" \/>\n<meta name=\"twitter:label1\" content=\"Dur\u00e9e de lecture estim\u00e9e\" \/>\n\t<meta name=\"twitter:data1\" content=\"1 minute\" \/>\n<script type=\"application\/ld+json\" class=\"yoast-schema-graph\">{\"@context\":\"https:\/\/schema.org\",\"@graph\":[{\"@type\":\"WebPage\",\"@id\":\"https:\/\/staging.parsis.ca\/fr\/societes-affiliees\/\",\"url\":\"https:\/\/staging.parsis.ca\/fr\/societes-affiliees\/\",\"name\":\"Soci\u00e9t\u00e9s affili\u00e9es | Parsis immigration services\",\"isPartOf\":{\"@id\":\"https:\/\/staging.parsis.ca\/#website\"},\"primaryImageOfPage\":{\"@id\":\"https:\/\/staging.parsis.ca\/fr\/societes-affiliees\/#primaryimage\"},\"image\":{\"@id\":\"https:\/\/staging.parsis.ca\/fr\/societes-affiliees\/#primaryimage\"},\"thumbnailUrl\":\"https:\/\/staging.parsis.ca\/wp-content\/uploads\/2024\/07\/Subtract.png\",\"datePublished\":\"2024-07-08T08:45:31+00:00\",\"dateModified\":\"2024-10-10T17:41:02+00:00\",\"breadcrumb\":{\"@id\":\"https:\/\/staging.parsis.ca\/fr\/societes-affiliees\/#breadcrumb\"},\"inLanguage\":\"fr-FR\",\"potentialAction\":[{\"@type\":\"ReadAction\",\"target\":[\"https:\/\/staging.parsis.ca\/fr\/societes-affiliees\/\"]}]},{\"@type\":\"ImageObject\",\"inLanguage\":\"fr-FR\",\"@id\":\"https:\/\/staging.parsis.ca\/fr\/societes-affiliees\/#primaryimage\",\"url\":\"https:\/\/staging.parsis.ca\/wp-content\/uploads\/2024\/07\/Subtract.png\",\"contentUrl\":\"https:\/\/staging.parsis.ca\/wp-content\/uploads\/2024\/07\/Subtract.png\"},{\"@type\":\"BreadcrumbList\",\"@id\":\"https:\/\/staging.parsis.ca\/fr\/societes-affiliees\/#breadcrumb\",\"itemListElement\":[{\"@type\":\"ListItem\",\"position\":1,\"name\":\"Home\",\"item\":\"https:\/\/staging.parsis.ca\/\"},{\"@type\":\"ListItem\",\"position\":2,\"name\":\"Soci\u00e9t\u00e9s affili\u00e9es\"}]},{\"@type\":\"WebSite\",\"@id\":\"https:\/\/staging.parsis.ca\/#website\",\"url\":\"https:\/\/staging.parsis.ca\/\",\"name\":\"Parsis\",\"description\":\"\",\"publisher\":{\"@id\":\"https:\/\/staging.parsis.ca\/#organization\"},\"alternateName\":\"Parsis Immigration Services\",\"potentialAction\":[{\"@type\":\"SearchAction\",\"target\":{\"@type\":\"EntryPoint\",\"urlTemplate\":\"https:\/\/staging.parsis.ca\/?s={search_term_string}\"},\"query-input\":\"required name=search_term_string\"}],\"inLanguage\":\"fr-FR\"},{\"@type\":\"Organization\",\"@id\":\"https:\/\/staging.parsis.ca\/#organization\",\"name\":\"Parsis\",\"url\":\"https:\/\/staging.parsis.ca\/\",\"logo\":{\"@type\":\"ImageObject\",\"inLanguage\":\"fr-FR\",\"@id\":\"https:\/\/staging.parsis.ca\/#\/schema\/logo\/image\/\",\"url\":\"https:\/\/staging.parsis.ca\/wp-content\/uploads\/2024\/07\/parsis-immigration-logo.svg\",\"contentUrl\":\"https:\/\/staging.parsis.ca\/wp-content\/uploads\/2024\/07\/parsis-immigration-logo.svg\",\"width\":148,\"height\":66,\"caption\":\"Parsis\"},\"image\":{\"@id\":\"https:\/\/staging.parsis.ca\/#\/schema\/logo\/image\/\"}}]}<\/script>\n<!-- \/ Yoast SEO plugin. -->","yoast_head_json":{"title":"Soci\u00e9t\u00e9s affili\u00e9es | Parsis immigration services","robots":{"index":"noindex","follow":"follow","max-snippet":"max-snippet:-1","max-image-preview":"max-image-preview:large","max-video-preview":"max-video-preview:-1"},"og_locale":"fr_FR","og_type":"article","og_title":"Soci\u00e9t\u00e9s affili\u00e9es | Parsis immigration services","og_description":"Les services d&rsquo;immigration Parsis, en tant qu&rsquo;entreprise, ont une relation commerciale avec les soci\u00e9t\u00e9s \u00e9num\u00e9r\u00e9es ci-dessous, qui se limite \u00e0 la r\u00e9alisation d&rsquo;\u00e9valuations pr\u00e9liminaires d&rsquo;\u00e9ligibilit\u00e9 en utilisant les donn\u00e9es client existantes stock\u00e9es par les entreprises. www.canadianvisaexpert.com www.becomeacanadian.org www.canadianvp.com www.inmigracioncanadiense.com www.canadaimmigrationexpress.com www.canadianonlineimmigration.com www.youcanrelocate.com www.canadianprvisa.com www.canadianvisaapp.com www.prcanadiense.com https:\/\/canadaexpress.org https:\/\/canadian-relocation.com https:\/\/lecanadex.com\/ Veuillez noter que les services d&rsquo;immigration Parsis...","og_url":"https:\/\/staging.parsis.ca\/fr\/societes-affiliees\/","og_site_name":"Parsis immigration services","article_modified_time":"2024-10-10T17:41:02+00:00","og_image":[{"url":"https:\/\/staging.parsis.ca\/wp-content\/uploads\/2024\/07\/Subtract.png"}],"twitter_card":"summary_large_image","twitter_misc":{"Dur\u00e9e de lecture estim\u00e9e":"1 minute"},"schema":{"@context":"https:\/\/schema.org","@graph":[{"@type":"WebPage","@id":"https:\/\/staging.parsis.ca\/fr\/societes-affiliees\/","url":"https:\/\/staging.parsis.ca\/fr\/societes-affiliees\/","name":"Soci\u00e9t\u00e9s affili\u00e9es | Parsis immigration services","isPartOf":{"@id":"https:\/\/staging.parsis.ca\/#website"},"primaryImageOfPage":{"@id":"https:\/\/staging.parsis.ca\/fr\/societes-affiliees\/#primaryimage"},"image":{"@id":"https:\/\/staging.parsis.ca\/fr\/societes-affiliees\/#primaryimage"},"thumbnailUrl":"https:\/\/staging.parsis.ca\/wp-content\/uploads\/2024\/07\/Subtract.png","datePublished":"2024-07-08T08:45:31+00:00","dateModified":"2024-10-10T17:41:02+00:00","breadcrumb":{"@id":"https:\/\/staging.parsis.ca\/fr\/societes-affiliees\/#breadcrumb"},"inLanguage":"fr-FR","potentialAction":[{"@type":"ReadAction","target":["https:\/\/staging.parsis.ca\/fr\/societes-affiliees\/"]}]},{"@type":"ImageObject","inLanguage":"fr-FR","@id":"https:\/\/staging.parsis.ca\/fr\/societes-affiliees\/#primaryimage","url":"https:\/\/staging.parsis.ca\/wp-content\/uploads\/2024\/07\/Subtract.png","contentUrl":"https:\/\/staging.parsis.ca\/wp-content\/uploads\/2024\/07\/Subtract.png"},{"@type":"BreadcrumbList","@id":"https:\/\/staging.parsis.ca\/fr\/societes-affiliees\/#breadcrumb","itemListElement":[{"@type":"ListItem","position":1,"name":"Home","item":"https:\/\/staging.parsis.ca\/"},{"@type":"ListItem","position":2,"name":"Soci\u00e9t\u00e9s affili\u00e9es"}]},{"@type":"WebSite","@id":"https:\/\/staging.parsis.ca\/#website","url":"https:\/\/staging.parsis.ca\/","name":"Parsis","description":"","publisher":{"@id":"https:\/\/staging.parsis.ca\/#organization"},"alternateName":"Parsis Immigration Services","potentialAction":[{"@type":"SearchAction","target":{"@type":"EntryPoint","urlTemplate":"https:\/\/staging.parsis.ca\/?s={search_term_string}"},"query-input":"required name=search_term_string"}],"inLanguage":"fr-FR"},{"@type":"Organization","@id":"https:\/\/staging.parsis.ca\/#organization","name":"Parsis","url":"https:\/\/staging.parsis.ca\/","logo":{"@type":"ImageObject","inLanguage":"fr-FR","@id":"https:\/\/staging.parsis.ca\/#\/schema\/logo\/image\/","url":"https:\/\/staging.parsis.ca\/wp-content\/uploads\/2024\/07\/parsis-immigration-logo.svg","contentUrl":"https:\/\/staging.parsis.ca\/wp-content\/uploads\/2024\/07\/parsis-immigration-logo.svg","width":148,"height":66,"caption":"Parsis"},"image":{"@id":"https:\/\/staging.parsis.ca\/#\/schema\/logo\/image\/"}}]}},"_links":{"self":[{"href":"https:\/\/staging.parsis.ca\/fr\/wp-json\/wp\/v2\/pages\/4250"}],"collection":[{"href":"https:\/\/staging.parsis.ca\/fr\/wp-json\/wp\/v2\/pages"}],"about":[{"href":"https:\/\/staging.parsis.ca\/fr\/wp-json\/wp\/v2\/types\/page"}],"author":[{"embeddable":true,"href":"https:\/\/staging.parsis.ca\/fr\/wp-json\/wp\/v2\/users\/1"}],"replies":[{"embeddable":true,"href":"https:\/\/staging.parsis.ca\/fr\/wp-json\/wp\/v2\/comments?post=4250"}],"version-history":[{"count":1,"href":"https:\/\/staging.parsis.ca\/fr\/wp-json\/wp\/v2\/pages\/4250\/revisions"}],"predecessor-version":[{"id":4251,"href":"https:\/\/staging.parsis.ca\/fr\/wp-json\/wp\/v2\/pages\/4250\/revisions\/4251"}],"wp:attachment":[{"href":"https:\/\/staging.parsis.ca\/fr\/wp-json\/wp\/v2\/media?parent=4250"}],"curies":[{"name":"wp","href":"https:\/\/api.w.org\/{rel}","templated":true}]}}