{"id":4248,"date":"2024-08-02T12:05:04","date_gmt":"2024-08-02T12:05:04","guid":{"rendered":"https:\/\/staging.parsis.ca\/blog\/"},"modified":"2024-10-10T17:33:42","modified_gmt":"2024-10-10T17:33:42","slug":"blog","status":"publish","type":"page","link":"https:\/\/staging.parsis.ca\/fr\/blog\/","title":{"rendered":"Blog"},"content":{"rendered":"\t\t<div data-elementor-type=\"wp-page\" data-elementor-id=\"4248\" class=\"elementor elementor-4248 elementor-1575\" data-elementor-post-type=\"page\">\n\t\t\t\t<div class=\"elementor-element elementor-element-325df858 e-flex e-con-boxed e-con e-parent\" data-id=\"325df858\" data-element_type=\"container\">\n\t\t\t\t\t<div class=\"e-con-inner\">\n\t\t\t\t<div class=\"elementor-element elementor-element-13e9bc13 elementor-widget elementor-widget-heading\" data-id=\"13e9bc13\" data-element_type=\"widget\" data-widget_type=\"heading.default\">\n\t\t\t\t<div class=\"elementor-widget-container\">\n\t\t\t<h1 class=\"elementor-heading-title elementor-size-default\">Blog<\/h1>\t\t<\/div>\n\t\t\t\t<\/div>\n\t\t\t\t<div class=\"elementor-element elementor-element-7a35ad08 elementor-widget elementor-widget-shortcode\" data-id=\"7a35ad08\" data-element_type=\"widget\" data-widget_type=\"shortcode.default\">\n\t\t\t\t<div class=\"elementor-widget-container\">\n\t\t\t\t\t<div class=\"elementor-shortcode\">\n    <div class=\"blog_container\">\n                    <a class=\"blog_post_column\" href=\"https:\/\/staging.parsis.ca\/fr\/blog\/changes-to-canadas-post-graduation-work-permit-pgwp-eligibility-fr\/\">\n                                    <img fetchpriority=\"high\" decoding=\"async\" width=\"535\" height=\"370\" src=\"https:\/\/staging.parsis.ca\/wp-content\/uploads\/2024\/07\/crowd-of-students-in-graduation-clothing-535x370.jpg\" class=\"attachment-blog-img-size size-blog-img-size wp-post-image\" alt=\"\" srcset=\"https:\/\/staging.parsis.ca\/wp-content\/uploads\/2024\/07\/crowd-of-students-in-graduation-clothing-535x370.jpg 535w, https:\/\/staging.parsis.ca\/wp-content\/uploads\/2024\/07\/crowd-of-students-in-graduation-clothing-300x208.jpg 300w, https:\/\/staging.parsis.ca\/wp-content\/uploads\/2024\/07\/crowd-of-students-in-graduation-clothing.jpg 707w\" sizes=\"(max-width: 535px) 100vw, 535px\" \/>                                \n                <div class=\"post_content_col\">\n                    <h3>Changes to Canada&rsquo;s Post Graduation Work Permit (PGWP) Eligibility FR<br><\/h3>\n                                            <div class=\"post_excerpt_col\">\n                            <p>Federal and provincial immigration officials are deliberating substantial amendments to the eligibility criteria for the Postgraduation Work Permit (PGWP).<\/p> \n                        <\/div>\n                                        <span class=\"learn_more\" href=\"\">En savoir plus<br><br><\/span>\n                <\/div>\n            <\/a>\n                    <a class=\"blog_post_column\" href=\"https:\/\/staging.parsis.ca\/fr\/blog\/new-pilot-programs-for-caregivers-to-offer-permanent-residency-on-arrival-fr\/\">\n                                    <img decoding=\"async\" width=\"535\" height=\"370\" src=\"https:\/\/staging.parsis.ca\/wp-content\/uploads\/2024\/08\/mother-and-daughter-hugging-535x370.jpg\" class=\"attachment-blog-img-size size-blog-img-size wp-post-image\" alt=\"\" srcset=\"https:\/\/staging.parsis.ca\/wp-content\/uploads\/2024\/08\/mother-and-daughter-hugging-535x370.jpg 535w, https:\/\/staging.parsis.ca\/wp-content\/uploads\/2024\/08\/mother-and-daughter-hugging-300x208.jpg 300w, https:\/\/staging.parsis.ca\/wp-content\/uploads\/2024\/08\/mother-and-daughter-hugging.jpg 707w\" sizes=\"(max-width: 535px) 100vw, 535px\" \/>                                \n                <div class=\"post_content_col\">\n                    <h3>New Pilot Programs for Caregivers to Offer Permanent Residency on Arrival FR<br><\/h3>\n                                            <div class=\"post_excerpt_col\">\n                            <p>Canada has unveiled new caregiver pilot programs as the expiration date for the current Home Child Care Provider Pilot and\u2026<\/p> \n                        <\/div>\n                                        <span class=\"learn_more\" href=\"\">En savoir plus<br><br><\/span>\n                <\/div>\n            <\/a>\n                    <a class=\"blog_post_column\" href=\"https:\/\/staging.parsis.ca\/fr\/blog\/les-trois-meilleures-universites-au-canada-selon-le-classement-mondial-qs-2025\/\">\n                                    <img decoding=\"async\" width=\"535\" height=\"370\" src=\"https:\/\/staging.parsis.ca\/wp-content\/uploads\/2024\/08\/big-university-canada-535x370.jpg\" class=\"attachment-blog-img-size size-blog-img-size wp-post-image\" alt=\"\" srcset=\"https:\/\/staging.parsis.ca\/wp-content\/uploads\/2024\/08\/big-university-canada-535x370.jpg 535w, https:\/\/staging.parsis.ca\/wp-content\/uploads\/2024\/08\/big-university-canada-300x208.jpg 300w, https:\/\/staging.parsis.ca\/wp-content\/uploads\/2024\/08\/big-university-canada.jpg 707w\" sizes=\"(max-width: 535px) 100vw, 535px\" \/>                                \n                <div class=\"post_content_col\">\n                    <h3>Les trois meilleures universit\u00e9s au Canada selon le classement mondial QS 2025<\/h3>\n                                            <div class=\"post_excerpt_col\">\n                            <p>Trois universit\u00e9s canadiennes figurent dans le top 40 du classement mondial des universit\u00e9s de Quacquarelli Symonds (QS) pour la deuxi\u00e8me\u2026<\/p> \n                        <\/div>\n                                        <span class=\"learn_more\" href=\"\">En savoir plus<br><br><\/span>\n                <\/div>\n            <\/a>\n                 \n    <\/div>\n<\/div>\n\t\t\t\t<\/div>\n\t\t\t\t<\/div>\n\t\t\t\t\t<\/div>\n\t\t\t\t<\/div>\n\t\t\t\t<\/div>\n\t\t","protected":false},"excerpt":{"rendered":"Trois universit\u00e9s canadiennes figurent dans le top 40 du classement mondial des universit\u00e9s de Quacquarelli Symonds (QS) pour la deuxi\u00e8me\u2026","protected":false},"author":1,"featured_media":0,"parent":0,"menu_order":51,"comment_status":"closed","ping_status":"closed","template":"","meta":{"_acf_changed":false,"footnotes":""},"acf":[],"yoast_head":"<!-- This site is optimized with the Yoast SEO plugin v23.3 - https:\/\/yoast.com\/wordpress\/plugins\/seo\/ -->\n<title>Blog | Parsis immigration services<\/title>\n<meta name=\"robots\" content=\"noindex, follow, max-snippet:-1, max-image-preview:large, max-video-preview:-1\" \/>\n<meta property=\"og:locale\" content=\"fr_FR\" \/>\n<meta property=\"og:type\" content=\"article\" \/>\n<meta property=\"og:title\" content=\"Blog | Parsis immigration services\" \/>\n<meta property=\"og:description\" content=\"Blog\" \/>\n<meta property=\"og:url\" content=\"https:\/\/staging.parsis.ca\/fr\/blog\/\" \/>\n<meta property=\"og:site_name\" content=\"Parsis immigration services\" \/>\n<meta property=\"article:modified_time\" content=\"2024-10-10T17:33:42+00:00\" \/>\n<meta property=\"og:image\" content=\"https:\/\/staging.parsis.ca\/wp-content\/uploads\/2024\/08\/logo.png\" \/>\n\t<meta property=\"og:image:width\" content=\"596\" \/>\n\t<meta property=\"og:image:height\" content=\"281\" \/>\n\t<meta property=\"og:image:type\" content=\"image\/png\" \/>\n<meta name=\"twitter:card\" content=\"summary_large_image\" \/>\n<script type=\"application\/ld+json\" class=\"yoast-schema-graph\">{\"@context\":\"https:\/\/schema.org\",\"@graph\":[{\"@type\":\"WebPage\",\"@id\":\"https:\/\/staging.parsis.ca\/fr\/blog\/\",\"url\":\"https:\/\/staging.parsis.ca\/fr\/blog\/\",\"name\":\"Blog | Parsis immigration services\",\"isPartOf\":{\"@id\":\"https:\/\/staging.parsis.ca\/#website\"},\"datePublished\":\"2024-08-02T12:05:04+00:00\",\"dateModified\":\"2024-10-10T17:33:42+00:00\",\"breadcrumb\":{\"@id\":\"https:\/\/staging.parsis.ca\/fr\/blog\/#breadcrumb\"},\"inLanguage\":\"fr-FR\",\"potentialAction\":[{\"@type\":\"ReadAction\",\"target\":[\"https:\/\/staging.parsis.ca\/fr\/blog\/\"]}]},{\"@type\":\"BreadcrumbList\",\"@id\":\"https:\/\/staging.parsis.ca\/fr\/blog\/#breadcrumb\",\"itemListElement\":[{\"@type\":\"ListItem\",\"position\":1,\"name\":\"Home\",\"item\":\"https:\/\/staging.parsis.ca\/\"},{\"@type\":\"ListItem\",\"position\":2,\"name\":\"Blog\"}]},{\"@type\":\"WebSite\",\"@id\":\"https:\/\/staging.parsis.ca\/#website\",\"url\":\"https:\/\/staging.parsis.ca\/\",\"name\":\"Parsis\",\"description\":\"\",\"publisher\":{\"@id\":\"https:\/\/staging.parsis.ca\/#organization\"},\"alternateName\":\"Parsis Immigration Services\",\"potentialAction\":[{\"@type\":\"SearchAction\",\"target\":{\"@type\":\"EntryPoint\",\"urlTemplate\":\"https:\/\/staging.parsis.ca\/?s={search_term_string}\"},\"query-input\":\"required name=search_term_string\"}],\"inLanguage\":\"fr-FR\"},{\"@type\":\"Organization\",\"@id\":\"https:\/\/staging.parsis.ca\/#organization\",\"name\":\"Parsis\",\"url\":\"https:\/\/staging.parsis.ca\/\",\"logo\":{\"@type\":\"ImageObject\",\"inLanguage\":\"fr-FR\",\"@id\":\"https:\/\/staging.parsis.ca\/#\/schema\/logo\/image\/\",\"url\":\"https:\/\/staging.parsis.ca\/wp-content\/uploads\/2024\/07\/parsis-immigration-logo.svg\",\"contentUrl\":\"https:\/\/staging.parsis.ca\/wp-content\/uploads\/2024\/07\/parsis-immigration-logo.svg\",\"width\":148,\"height\":66,\"caption\":\"Parsis\"},\"image\":{\"@id\":\"https:\/\/staging.parsis.ca\/#\/schema\/logo\/image\/\"}}]}<\/script>\n<!-- \/ Yoast SEO plugin. -->","yoast_head_json":{"title":"Blog | Parsis immigration services","robots":{"index":"noindex","follow":"follow","max-snippet":"max-snippet:-1","max-image-preview":"max-image-preview:large","max-video-preview":"max-video-preview:-1"},"og_locale":"fr_FR","og_type":"article","og_title":"Blog | Parsis immigration services","og_description":"Blog","og_url":"https:\/\/staging.parsis.ca\/fr\/blog\/","og_site_name":"Parsis immigration services","article_modified_time":"2024-10-10T17:33:42+00:00","og_image":[{"width":596,"height":281,"url":"https:\/\/staging.parsis.ca\/wp-content\/uploads\/2024\/08\/logo.png","type":"image\/png"}],"twitter_card":"summary_large_image","schema":{"@context":"https:\/\/schema.org","@graph":[{"@type":"WebPage","@id":"https:\/\/staging.parsis.ca\/fr\/blog\/","url":"https:\/\/staging.parsis.ca\/fr\/blog\/","name":"Blog | Parsis immigration services","isPartOf":{"@id":"https:\/\/staging.parsis.ca\/#website"},"datePublished":"2024-08-02T12:05:04+00:00","dateModified":"2024-10-10T17:33:42+00:00","breadcrumb":{"@id":"https:\/\/staging.parsis.ca\/fr\/blog\/#breadcrumb"},"inLanguage":"fr-FR","potentialAction":[{"@type":"ReadAction","target":["https:\/\/staging.parsis.ca\/fr\/blog\/"]}]},{"@type":"BreadcrumbList","@id":"https:\/\/staging.parsis.ca\/fr\/blog\/#breadcrumb","itemListElement":[{"@type":"ListItem","position":1,"name":"Home","item":"https:\/\/staging.parsis.ca\/"},{"@type":"ListItem","position":2,"name":"Blog"}]},{"@type":"WebSite","@id":"https:\/\/staging.parsis.ca\/#website","url":"https:\/\/staging.parsis.ca\/","name":"Parsis","description":"","publisher":{"@id":"https:\/\/staging.parsis.ca\/#organization"},"alternateName":"Parsis Immigration Services","potentialAction":[{"@type":"SearchAction","target":{"@type":"EntryPoint","urlTemplate":"https:\/\/staging.parsis.ca\/?s={search_term_string}"},"query-input":"required name=search_term_string"}],"inLanguage":"fr-FR"},{"@type":"Organization","@id":"https:\/\/staging.parsis.ca\/#organization","name":"Parsis","url":"https:\/\/staging.parsis.ca\/","logo":{"@type":"ImageObject","inLanguage":"fr-FR","@id":"https:\/\/staging.parsis.ca\/#\/schema\/logo\/image\/","url":"https:\/\/staging.parsis.ca\/wp-content\/uploads\/2024\/07\/parsis-immigration-logo.svg","contentUrl":"https:\/\/staging.parsis.ca\/wp-content\/uploads\/2024\/07\/parsis-immigration-logo.svg","width":148,"height":66,"caption":"Parsis"},"image":{"@id":"https:\/\/staging.parsis.ca\/#\/schema\/logo\/image\/"}}]}},"_links":{"self":[{"href":"https:\/\/staging.parsis.ca\/fr\/wp-json\/wp\/v2\/pages\/4248"}],"collection":[{"href":"https:\/\/staging.parsis.ca\/fr\/wp-json\/wp\/v2\/pages"}],"about":[{"href":"https:\/\/staging.parsis.ca\/fr\/wp-json\/wp\/v2\/types\/page"}],"author":[{"embeddable":true,"href":"https:\/\/staging.parsis.ca\/fr\/wp-json\/wp\/v2\/users\/1"}],"replies":[{"embeddable":true,"href":"https:\/\/staging.parsis.ca\/fr\/wp-json\/wp\/v2\/comments?post=4248"}],"version-history":[{"count":1,"href":"https:\/\/staging.parsis.ca\/fr\/wp-json\/wp\/v2\/pages\/4248\/revisions"}],"predecessor-version":[{"id":4249,"href":"https:\/\/staging.parsis.ca\/fr\/wp-json\/wp\/v2\/pages\/4248\/revisions\/4249"}],"wp:attachment":[{"href":"https:\/\/staging.parsis.ca\/fr\/wp-json\/wp\/v2\/media?parent=4248"}],"curies":[{"name":"wp","href":"https:\/\/api.w.org\/{rel}","templated":true}]}}